{"id":1278,"date":"2025-10-16T00:44:49","date_gmt":"2025-10-15T22:44:49","guid":{"rendered":"http:\/\/localhost\/GlorieuxAccessoires\/?post_type=product&#038;p=1278"},"modified":"2025-10-16T20:34:25","modified_gmt":"2025-10-16T18:34:25","slug":"deodorant-monsavon-spray-femme-anti-humidite-fleur-de-coton-rose","status":"publish","type":"product","link":"https:\/\/www.glorieuxaccessoires.com\/?product=deodorant-monsavon-spray-femme-anti-humidite-fleur-de-coton-rose","title":{"rendered":"D\u00e9odorant Monsavon spray femme anti-humidit\u00e9 fleur de coton"},"content":{"rendered":"<div class=\"product-description__feature-wrapper\">\n<div class=\"product-description__feature--single\">\n<h3 class=\"product-description__feature-title\">D\u00e9nomination l\u00e9gale de vente<\/h3>\n<div class=\"product-description__feature-values\"><span class=\"product-description__feature-value\">D\u00e9odorant Femme Spray Anti Transpirant<\/span><\/div>\n<\/div>\n<\/div>\n<div class=\"product-description__feature-wrapper\">\n<div class=\"product-description__feature--single\">\n<h3 class=\"product-description__feature-title\">Contenu net<\/h3>\n<div class=\"product-description__feature-values\"><span class=\"product-description__feature-value\">0.4 l<\/span><\/div>\n<\/div>\n<\/div>\n<div class=\"product-description__feature-wrapper\">\n<div>\n<h3 class=\"product-description__feature-title\">Informations pratiques<\/h3>\n<div class=\"product-description__feature-group-wrapper\">\n<p><span class=\"product-description__feature-label\">Mode d&#8217;emploi<\/span><\/p>\n<div class=\"product-description__feature-values\"><span class=\"product-description__feature-value\">Il est pr\u00e9f\u00e9rable d&#8217;appliquer votre d\u00e9odorant Monsavon apr\u00e8s la douche. Tout d&#8217;abord, assurez-vous que vos aisselles soient compl\u00e8tement s\u00e8ches. Ensuite, secouez bien pour m\u00e9langer les ingr\u00e9dients. Enfin, soulevez votre bras au-dessus de votre t\u00eate, et vaporisez chaque aisselle l&#8217;une apr\u00e8s l&#8217;autre. Assurez-vous de tenir le spray \u00e0 environ 15 cm de vos aisselles pendant environ deux secondes pour une couverture parfaite. Ne pas uitiliser sur une peau abim\u00e9e ou irrit\u00e9e.<\/span><\/div>\n<\/div>\n<div class=\"product-description__feature-group-wrapper\">\n<p><span class=\"product-description__feature-label\">Conseils de prudence<\/span><\/p>\n<div class=\"product-description__feature-values\"><span class=\"product-description__feature-value\">P102 Tenir hors de port\u00e9e des enfants.<\/span><\/div>\n<\/div>\n<div class=\"product-description__feature-group-wrapper\">\n<p><span class=\"product-description__feature-label\">Mentions de danger<\/span><\/p>\n<div class=\"product-description__feature-values\"><span class=\"product-description__feature-value\">H280 Contient un gaz sous pression; peut exploser sous l\u2019effet de la chaleur<\/span><span class=\"product-description__feature-value\">H220 Gaz extr\u00eamement in\ufb02ammable<\/span><\/div>\n<\/div>\n<div class=\"product-description__feature-group-wrapper\">\n<p><span class=\"product-description__feature-label\">Autres mentions l\u00e9gales (texte)<\/span><\/p>\n<div class=\"product-description__feature-values\"><span class=\"product-description__feature-value\">PRECAUTIONS D&#8217;EMPLOI: Ne pas vaporiser \u00e0 moins de 15 cm. Eviter d&#8217;inhaler intentionnellement. Proc\u00e9der par de br\u00e8ves pressions sans pulv\u00e9risation prolong\u00e9e. Utiliser seulement dans des zones bien ventil\u00e9es. Utiliser exclusivement selon l&#8217;usage pr\u00e9conis\u00e9. Ne pas vaporiser vers les yeux, ni sur les parties intimes. Ne pas appliquer sur la peau endommag\u00e9e. Stopper l&#8217;utilisation en cas de d\u00e9mangeaison ou d&#8217;irritation. Tenir hors de port\u00e9e des enfants. Ne pas perforer, ni br\u00fbler, m\u00eame apr\u00e8s usage. R\u00e9cipient sous pression: peut \u00e9clater sous l&#8217;effet de la chaleur. Prot\u00e9ger du rayonnement solaire. Ne pas exposer \u00e0 une temp\u00e9rature sup\u00e9rieure \u00e0 50\u00b0C. Ne pas vaporiser sur une flamme nue ou sur toute autre source d&#8217;ignition. Tenir \u00e0 l&#8217;\u00e9cart de la chaleur, des surfaces chaudes, des \u00e9tincelles, des flammes nues et de toute autre source d&#8217;inflammation. Ne pas fumer. Ne recycler qu&#8217;enti\u00e8rement vide.<\/span><\/div>\n<\/div>\n<div class=\"product-description__feature-group-wrapper\">\n<p><span class=\"product-description__feature-label\">Message d&#8217;avertissement<\/span><\/p>\n<div class=\"product-description__feature-values\"><span class=\"product-description__feature-value\">Danger: A\u00e9rosol extr\u00eamement inflammable. Nous am\u00e9liorons nos formules r\u00e9guli\u00e8rement, merci de toujours v\u00e9rifier les informations pr\u00e9sentes sur l&#8217;\u00e9tiquette du produit.<\/span><\/div>\n<\/div>\n<\/div>\n<\/div>\n<div class=\"product-description__feature-wrapper\">\n<div class=\"product-description__feature--single\">\n<h3 class=\"product-description__feature-title\">Pays de fabrication<\/h3>\n<div class=\"product-description__feature-values\"><span class=\"product-description__feature-value\">Royaume-Uni<\/span><\/div>\n<\/div>\n<\/div>\n<div class=\"product-description__feature-wrapper\">\n<div class=\"product-description__feature--single\">\n<h3 class=\"product-description__feature-title\">Composition<\/h3>\n<div class=\"product-description__feature-values\"><span class=\"product-description__feature-value\">Butane, Isobutane, Propane, Cyclopentasiloxane, Aluminum Chlorohydrate, PPG-14 Butyl Ether, C12-15 Alkyl Benzoate, Parfum, Disteardimonium Hectorite, Dimethiconol, Octyldodecanol, Helianthus Annuus Seed Oil, BHT, Propylene Carbonate, Hydrolyzed Milk Protein, Citric acid, Benzyl alcohol<\/span><\/div>\n<\/div>\n<\/div>\n","protected":false},"excerpt":{"rendered":"<ul class=\"ul-style check\">\n<li>D\u00e9odorant Femme Spray Anti Transpirant<\/li>\n<li>Quantit\u00e9 : 200 ml<\/li>\n<\/ul>\n","protected":false},"featured_media":1279,"comment_status":"open","ping_status":"closed","template":"","meta":{"_monsterinsights_skip_tracking":false,"_monsterinsights_sitenote_active":false,"_monsterinsights_sitenote_note":"","_monsterinsights_sitenote_category":0},"product_brand":[],"product_cat":[43],"product_tag":[],"class_list":{"0":"post-1278","1":"product","2":"type-product","3":"status-publish","4":"has-post-thumbnail","6":"product_cat-deodorants","7":"ts_product_brand-mon-savon","9":"first","10":"instock","11":"featured","12":"taxable","13":"shipping-taxable","14":"purchasable","15":"product-type-simple"},"aioseo_notices":[],"_links":{"self":[{"href":"https:\/\/www.glorieuxaccessoires.com\/index.php?rest_route=\/wp\/v2\/product\/1278","targetHints":{"allow":["GET"]}}],"collection":[{"href":"https:\/\/www.glorieuxaccessoires.com\/index.php?rest_route=\/wp\/v2\/product"}],"about":[{"href":"https:\/\/www.glorieuxaccessoires.com\/index.php?rest_route=\/wp\/v2\/types\/product"}],"replies":[{"embeddable":true,"href":"https:\/\/www.glorieuxaccessoires.com\/index.php?rest_route=%2Fwp%2Fv2%2Fcomments&post=1278"}],"wp:featuredmedia":[{"embeddable":true,"href":"https:\/\/www.glorieuxaccessoires.com\/index.php?rest_route=\/wp\/v2\/media\/1279"}],"wp:attachment":[{"href":"https:\/\/www.glorieuxaccessoires.com\/index.php?rest_route=%2Fwp%2Fv2%2Fmedia&parent=1278"}],"wp:term":[{"taxonomy":"product_brand","embeddable":true,"href":"https:\/\/www.glorieuxaccessoires.com\/index.php?rest_route=%2Fwp%2Fv2%2Fproduct_brand&post=1278"},{"taxonomy":"product_cat","embeddable":true,"href":"https:\/\/www.glorieuxaccessoires.com\/index.php?rest_route=%2Fwp%2Fv2%2Fproduct_cat&post=1278"},{"taxonomy":"product_tag","embeddable":true,"href":"https:\/\/www.glorieuxaccessoires.com\/index.php?rest_route=%2Fwp%2Fv2%2Fproduct_tag&post=1278"}],"curies":[{"name":"wp","href":"https:\/\/api.w.org\/{rel}","templated":true}]}}