{"id":1324,"date":"2025-10-16T21:44:51","date_gmt":"2025-10-16T19:44:51","guid":{"rendered":"http:\/\/localhost\/GlorieuxAccessoires\/?post_type=product&#038;p=1324"},"modified":"2025-10-18T22:27:30","modified_gmt":"2025-10-18T20:27:30","slug":"omerta-lovely-sky-eau-de-parfum-femme-100ml","status":"publish","type":"product","link":"https:\/\/www.glorieuxaccessoires.com\/?product=omerta-lovely-sky-eau-de-parfum-femme-100ml","title":{"rendered":"Omerta &#8211; Lovely Sky Eau de parfum Femme &#8211; 100 ml"},"content":{"rendered":"<p>Fra\u00eecheur mordante de la poire, souffle floral de lavande, douceur fondante de praline : Lovely Sky esquisse un parfum gourmand aux contrastes lumineux. Une composition qui caresse les sens sans jamais saturer.<\/p>\n<p>Envelopp\u00e9e d\u2019un voile de musc et de bois d\u00e9licats, cette eau de parfum r\u00e9v\u00e8le une \u00e9l\u00e9gance tendre et moderne. Un plaisir simple \u00e0 s\u2019offrir au quotidien, pour illuminer chaque geste d\u2019un \u00e9clat olfactif discret.<\/p>\n<p>Notes Olfactives<br \/>\nNotes de t\u00eate : poire, bergamote, lavande,<br \/>\nNotes de c\u0153ur : praline, vanille,<br \/>\nNotes de fond : bois, musc.<\/p>\n<p>Un parfum frais et gourmand, tendre et profond. Une signature olfactive qui s\u00e9duira par sa douceur r\u00e9confortante et son \u00e9l\u00e9gance intemporelle.<\/p>\n<p>Ingr\u00e9dients : Alcohol Denat, Aqua (Water), Parfum (Fragrance), Vanillin, Tetramethyl Acetyloctahydronaphthalenes, Linaly Acetate, Limonene, Acetyl Cedrene, Citrus Aurantium Flower Oil, Linalool, Citrus Limon Peel Oil, Pinene, Citronellol, Dimethyl Phenethyl Acetate, Juniperus Virginiana Oil.<\/p>\n","protected":false},"excerpt":{"rendered":"<p>Fra\u00eecheur mordante de la poire, souffle floral de lavande, douceur fondante de praline : Lovely Sky esquisse un parfum gourmand aux contrastes lumineux. Une composition qui caresse les sens sans jamais saturer. Envelopp\u00e9e d\u2019un voile de musc et de bois d\u00e9licats, cette eau de parfum r\u00e9v\u00e8le une \u00e9l\u00e9gance tendre et moderne. Un plaisir simple \u00e0 [&hellip;]<\/p>\n","protected":false},"featured_media":1368,"comment_status":"open","ping_status":"closed","template":"","meta":{"_monsterinsights_skip_tracking":false,"_monsterinsights_sitenote_active":false,"_monsterinsights_sitenote_note":"","_monsterinsights_sitenote_category":0},"product_brand":[],"product_cat":[46],"product_tag":[],"class_list":{"0":"post-1324","1":"product","2":"type-product","3":"status-publish","4":"has-post-thumbnail","6":"product_cat-parfums","7":"ts_product_brand-paris","9":"first","10":"instock","11":"taxable","12":"shipping-taxable","13":"purchasable","14":"product-type-simple"},"aioseo_notices":[],"_links":{"self":[{"href":"https:\/\/www.glorieuxaccessoires.com\/index.php?rest_route=\/wp\/v2\/product\/1324","targetHints":{"allow":["GET"]}}],"collection":[{"href":"https:\/\/www.glorieuxaccessoires.com\/index.php?rest_route=\/wp\/v2\/product"}],"about":[{"href":"https:\/\/www.glorieuxaccessoires.com\/index.php?rest_route=\/wp\/v2\/types\/product"}],"replies":[{"embeddable":true,"href":"https:\/\/www.glorieuxaccessoires.com\/index.php?rest_route=%2Fwp%2Fv2%2Fcomments&post=1324"}],"wp:featuredmedia":[{"embeddable":true,"href":"https:\/\/www.glorieuxaccessoires.com\/index.php?rest_route=\/wp\/v2\/media\/1368"}],"wp:attachment":[{"href":"https:\/\/www.glorieuxaccessoires.com\/index.php?rest_route=%2Fwp%2Fv2%2Fmedia&parent=1324"}],"wp:term":[{"taxonomy":"product_brand","embeddable":true,"href":"https:\/\/www.glorieuxaccessoires.com\/index.php?rest_route=%2Fwp%2Fv2%2Fproduct_brand&post=1324"},{"taxonomy":"product_cat","embeddable":true,"href":"https:\/\/www.glorieuxaccessoires.com\/index.php?rest_route=%2Fwp%2Fv2%2Fproduct_cat&post=1324"},{"taxonomy":"product_tag","embeddable":true,"href":"https:\/\/www.glorieuxaccessoires.com\/index.php?rest_route=%2Fwp%2Fv2%2Fproduct_tag&post=1324"}],"curies":[{"name":"wp","href":"https:\/\/api.w.org\/{rel}","templated":true}]}}