{"id":276,"date":"2025-10-16T18:00:24","date_gmt":"2025-10-16T16:00:24","guid":{"rendered":"http:\/\/localhost\/GlorieuxAccessoires\/?post_type=product&#038;p=276"},"modified":"2025-10-16T20:50:16","modified_gmt":"2025-10-16T18:50:16","slug":"deodorant-narta-spray-invisible-homme","status":"publish","type":"product","link":"https:\/\/www.glorieuxaccessoires.com\/?product=deodorant-narta-spray-invisible-homme","title":{"rendered":"D\u00e9odorant Narta spray invisible protection 5 fra\u00eecheur propre"},"content":{"rendered":"<div class=\"product-description__feature-wrapper\">\n<div class=\"product-description__feature--single\">\n<h3 class=\"product-description__feature-title\">Nom fonctionnel<\/h3>\n<div class=\"product-description__feature-values\"><span class=\"product-description__feature-value\">D\u00e9odorant spray<\/span><\/div>\n<\/div>\n<\/div>\n<div class=\"product-description__feature-wrapper\">\n<div class=\"product-description__feature--single\">\n<h3 class=\"product-description__feature-title\">Description<\/h3>\n<div class=\"product-description__feature-values\">\n<p><span class=\"product-description__feature-value\">Un anti-transpirant \u00e0 l&#8217;efficacit\u00e9 48h qui respecte la peau et les v\u00eatements. Une protection globale 48h, pour rester fra\u00eeche toute la journ\u00e9e.<\/span><\/p>\n<p>5 actions pour prot\u00e9ger votre peau et vos v\u00eatements : 1. Anti-odeurs 2. Anti-humidit\u00e9 3. Anti-picotements 4. Anti-traces blanches 5. Anti-traces jaunes. Packaging compos\u00e9 \u00e0 50% d&#8217;aluminium recycl\u00e9.<\/p>\n<\/div>\n<\/div>\n<\/div>\n<div class=\"product-description__feature-wrapper\">\n<div class=\"product-description__feature--single\">\n<h3 class=\"product-description__feature-title\">Contenu net<\/h3>\n<div class=\"product-description__feature-values\"><span class=\"product-description__feature-value\">200 ml<\/span><\/div>\n<\/div>\n<\/div>\n<div class=\"product-description__feature-wrapper\">\n<div class=\"product-description__feature--single\">\n<h3 class=\"product-description__feature-title\">Message d&#8217;avertissement<\/h3>\n<div class=\"product-description__feature-values\"><span class=\"product-description__feature-value\">PR\u00c9CAUTIONS &#8211; A\u00c9ROSOL EXTR\u00caMEMENT INFLAMMABLE. R\u00e9cipient sous pression : peut \u00e9clater sous l\u2019effet de la chaleur. Tenir \u00e0 l\u2019\u00e9cart de la chaleur, des surfaces chaudes, des \u00e9tincelles, des flammes nues et de toute autre source d\u2019inflammation. Ne pas fumer. Ne pas vaporiser sur une flamme nue ou sur toute autre source d\u2019ignition. Ne pas perforer, ni br\u00fbler, m\u00eame apr\u00e8s usage. Prot\u00e9ger du rayonnement solaire. Ne pas exposer \u00e0 une temp\u00e9rature sup\u00e9rieure \u00e0 50\u00b0C. NE PAS EXPOSER DANS UNE VOITURE EN PLEIN SOLEIL, \u00c0 LA PLAGE OU SUR UN RADIATEUR. TOUT FLACON D\u00c9FORM\u00c9 NE DOIT PLUS \u00caTRE UTILIS\u00c9. Tenir hors de la port\u00e9e des enfants. Ne pas utiliser pour un usage autre que celui pour lequel le produit est destin\u00e9. \u00c9viter de vaporiser vers les yeux, ou sur une peau irrit\u00e9e et d&#8217;inhaler intentionnellement. Ne pas utiliser dans une atmosph\u00e8re confin\u00e9e.<\/span><\/div>\n<\/div>\n<\/div>\n<div class=\"product-description__feature-wrapper\">\n<div class=\"product-description__feature--single\">\n<h3 class=\"product-description__feature-title\">Pays de fabrication<\/h3>\n<div class=\"product-description__feature-values\"><span class=\"product-description__feature-value\">France<\/span><\/div>\n<\/div>\n<\/div>\n<div class=\"product-description__feature-wrapper\">\n<div class=\"product-description__feature--single\">\n<h3 class=\"product-description__feature-title\">Composition<\/h3>\n<div class=\"product-description__feature-values\"><span class=\"product-description__feature-value\">882629 02 &#8211; INGREDIENTS: ISOBUTANE &#8211; AQUA \/ WATER &#8211; DIMETHICONE &#8211; ALUMINUM CHLOROHYDRATE &#8211; PARFUM \/ FRAGRANCE &#8211; LAURYL PEG-9 POLYDIMETHYLSILOXYETHYL DIMETHICONE &#8211; PHENOXYETHANOL &#8211; TETRASODIUM GLUTAMATE DIACETATE &#8211; DIMETHICONOL &#8211; LINALOOL &#8211; LIMONENE &#8211; BENZYL ALCOHOL &#8211; HEXYL CINNAMAL &#8211; GERANIOL &#8211; HYDROXYCITRONELLAL &#8211; CITRONELLOL &#8211; COUMARIN &#8211; ALPHA-ISOMETHYL IONONE &#8211; CITRAL &#8211; TOCOPHEROL (F.I.L. C182391\/1). Les listes d\u2019ingr\u00e9dients entrant dans la composition des produits de notre marque sont r\u00e9guli\u00e8rement mises \u00e0 jour. Avant d\u2019utiliser un produit de notre marque, vous \u00eates invit\u00e9s \u00e0 lire la liste d\u2019ingr\u00e9dients figurant sur son emballage afin de vous assurer que les ingr\u00e9dients sont adapt\u00e9s \u00e0 votre utilisation personnelle<\/span><\/div>\n<\/div>\n<\/div>\n","protected":false},"excerpt":{"rendered":"<ul>\n<li>D\u00e9odorant spray anti-transpirant<\/li>\n<li>Quantit\u00e9 : 200 ml<\/li>\n<\/ul>\n<p>&nbsp;<\/p>\n","protected":false},"featured_media":1306,"comment_status":"open","ping_status":"closed","template":"","meta":{"_monsterinsights_skip_tracking":false,"_monsterinsights_sitenote_active":false,"_monsterinsights_sitenote_note":"","_monsterinsights_sitenote_category":0},"product_brand":[],"product_cat":[43],"product_tag":[],"class_list":{"0":"post-276","1":"product","2":"type-product","3":"status-publish","4":"has-post-thumbnail","6":"product_cat-deodorants","7":"ts_product_brand-narta","9":"first","10":"instock","11":"featured","12":"taxable","13":"shipping-taxable","14":"purchasable","15":"product-type-simple"},"aioseo_notices":[],"_links":{"self":[{"href":"https:\/\/www.glorieuxaccessoires.com\/index.php?rest_route=\/wp\/v2\/product\/276","targetHints":{"allow":["GET"]}}],"collection":[{"href":"https:\/\/www.glorieuxaccessoires.com\/index.php?rest_route=\/wp\/v2\/product"}],"about":[{"href":"https:\/\/www.glorieuxaccessoires.com\/index.php?rest_route=\/wp\/v2\/types\/product"}],"replies":[{"embeddable":true,"href":"https:\/\/www.glorieuxaccessoires.com\/index.php?rest_route=%2Fwp%2Fv2%2Fcomments&post=276"}],"wp:featuredmedia":[{"embeddable":true,"href":"https:\/\/www.glorieuxaccessoires.com\/index.php?rest_route=\/wp\/v2\/media\/1306"}],"wp:attachment":[{"href":"https:\/\/www.glorieuxaccessoires.com\/index.php?rest_route=%2Fwp%2Fv2%2Fmedia&parent=276"}],"wp:term":[{"taxonomy":"product_brand","embeddable":true,"href":"https:\/\/www.glorieuxaccessoires.com\/index.php?rest_route=%2Fwp%2Fv2%2Fproduct_brand&post=276"},{"taxonomy":"product_cat","embeddable":true,"href":"https:\/\/www.glorieuxaccessoires.com\/index.php?rest_route=%2Fwp%2Fv2%2Fproduct_cat&post=276"},{"taxonomy":"product_tag","embeddable":true,"href":"https:\/\/www.glorieuxaccessoires.com\/index.php?rest_route=%2Fwp%2Fv2%2Fproduct_tag&post=276"}],"curies":[{"name":"wp","href":"https:\/\/api.w.org\/{rel}","templated":true}]}}